{"id":1758,"date":"2022-05-06T10:49:14","date_gmt":"2022-05-06T15:49:14","guid":{"rendered":"https:\/\/oceanusinternational.com\/?page_id=1758"},"modified":"2025-10-13T10:03:30","modified_gmt":"2025-10-13T15:03:30","slug":"kontakt","status":"publish","type":"page","link":"https:\/\/oceanusinternational.com\/de\/kontakt\/","title":{"rendered":"Kontakt"},"content":{"rendered":"[vc_row type=&#8220;full_width_background&#8220; full_screen_row_position=&#8220;middle&#8220; column_margin=&#8220;default&#8220; column_direction=&#8220;default&#8220; column_direction_tablet=&#8220;default&#8220; column_direction_phone=&#8220;default&#8220; bg_color=&#8220;#282828&#8243; scene_position=&#8220;center&#8220; top_padding=&#8220;70&#8243; bottom_padding=&#8220;70&#8243; text_color=&#8220;light&#8220; text_align=&#8220;center&#8220; row_border_radius=&#8220;none&#8220; row_border_radius_applies=&#8220;bg&#8220; overflow=&#8220;visible&#8220; overlay_strength=&#8220;0.3&#8243; gradient_direction=&#8220;left_to_right&#8220; shape_divider_position=&#8220;bottom&#8220; bg_image_animation=&#8220;none&#8220;][vc_column column_padding=&#8220;no-extra-padding&#8220; column_padding_tablet=&#8220;inherit&#8220; column_padding_phone=&#8220;inherit&#8220; column_padding_position=&#8220;all&#8220; column_element_spacing=&#8220;default&#8220; background_color_opacity=&#8220;1&#8243; background_hover_color_opacity=&#8220;1&#8243; column_shadow=&#8220;none&#8220; column_border_radius=&#8220;none&#8220; column_link_target=&#8220;_self&#8220; column_position=&#8220;default&#8220; gradient_direction=&#8220;left_to_right&#8220; overlay_strength=&#8220;0.3&#8243; width=&#8220;1\/1&#8243; tablet_width_inherit=&#8220;default&#8220; tablet_text_alignment=&#8220;default&#8220; phone_text_alignment=&#8220;default&#8220; animation_type=&#8220;default&#8220; bg_image_animation=&#8220;none&#8220; border_type=&#8220;simple&#8220; column_border_width=&#8220;none&#8220; column_border_style=&#8220;solid&#8220;][vc_column_text]\n<h2 data-start=\"344\" data-end=\"369\">Kontaktieren Sie uns<\/h2>\n<h3 data-start=\"370\" data-end=\"437\">Gestalten wir gemeinsam die Zukunft unserer K\u00fcsten und Ozeane<\/h3>\n<p data-start=\"439\" data-end=\"813\">Wir sind <strong data-start=\"448\" data-end=\"497\">rund um die Uhr, an sieben Tagen in der Woche<\/strong> f\u00fcr Sie da.<br data-start=\"509\" data-end=\"512\" \/>Ob Sie <strong data-start=\"519\" data-end=\"555\">Eigent\u00fcmer einer K\u00fcstenimmobilie<\/strong>, <strong data-start=\"557\" data-end=\"598\">Betreiber eines touristischen Resorts<\/strong>, <strong data-start=\"600\" data-end=\"627\">Vertreter einer Kommune<\/strong> oder <strong data-start=\"633\" data-end=\"671\">Entwickler eines Offshore-Projekts<\/strong> sind \u2013 unser Team bietet Ihnen <strong data-start=\"703\" data-end=\"757\">fachkundige Beratung und schl\u00fcsselfertige L\u00f6sungen<\/strong>, die exakt auf Ihre Anforderungen zugeschnitten sind.<\/p>\n<p data-start=\"815\" data-end=\"901\">\ud83d\udce7 <strong data-start=\"818\" data-end=\"829\">E-Mail:<\/strong> <a class=\"decorated-link cursor-pointer\" rel=\"noopener\" data-start=\"830\" data-end=\"899\">info@oceanusinternational.com<\/a><\/p>\n<p data-start=\"903\" data-end=\"985\"><strong data-start=\"903\" data-end=\"928\">Oceanus International<\/strong> entwickelt <strong data-start=\"940\" data-end=\"978\">hybride und naturbasierte L\u00f6sungen<\/strong> f\u00fcr:<\/p>\n<ul data-start=\"986\" data-end=\"1241\">\n<li data-start=\"986\" data-end=\"1025\">\n<p data-start=\"988\" data-end=\"1025\"><strong data-start=\"988\" data-end=\"1023\">K\u00fcstenrenaturierung und -schutz<\/strong><\/p>\n<\/li>\n<li data-start=\"1026\" data-end=\"1087\">\n<p data-start=\"1028\" data-end=\"1087\"><strong data-start=\"1028\" data-end=\"1085\">Integriertes Management von Sargassum und Algenbl\u00fcten<\/strong><\/p>\n<\/li>\n<li data-start=\"1088\" data-end=\"1127\">\n<p data-start=\"1090\" data-end=\"1127\"><strong data-start=\"1090\" data-end=\"1125\">Offshore-Wind- und Solarenergie<\/strong><\/p>\n<\/li>\n<li data-start=\"1128\" data-end=\"1183\">\n<p data-start=\"1130\" data-end=\"1183\"><strong data-start=\"1130\" data-end=\"1181\">Unterseeische Produktion von gr\u00fcnem Wasserstoff<\/strong><\/p>\n<\/li>\n<li data-start=\"1184\" data-end=\"1241\">\n<p data-start=\"1186\" data-end=\"1241\"><strong data-start=\"1186\" data-end=\"1239\">Nachhaltige marine und k\u00fcstennahe Infrastrukturen<\/strong><\/p>\n<\/li>\n<\/ul>\n<p data-start=\"1243\" data-end=\"1541\">Wir arbeiten an der <strong data-start=\"1263\" data-end=\"1312\">Schnittstelle von \u00d6kologie und Ingenieurwesen<\/strong> und liefern <strong data-start=\"1325\" data-end=\"1382\">resiliente, messbare und zukunftsorientierte L\u00f6sungen<\/strong>, die \u00d6kosysteme sch\u00fctzen, Gemeinschaften st\u00e4rken und Umweltprobleme \u2013 wie Sargassum \u2013 in <strong data-start=\"1472\" data-end=\"1527\">nachhaltige Chancen innerhalb der Blauen Wirtschaft<\/strong> verwandeln.<\/p>\n[\/vc_column_text][\/vc_column][\/vc_row][vc_row type=&#8220;full_width_content&#8220; full_screen_row_position=&#8220;middle&#8220; column_margin=&#8220;default&#8220; column_direction=&#8220;default&#8220; column_direction_tablet=&#8220;default&#8220; column_direction_phone=&#8220;default&#8220; scene_position=&#8220;center&#8220; text_color=&#8220;dark&#8220; text_align=&#8220;left&#8220; row_border_radius=&#8220;none&#8220; row_border_radius_applies=&#8220;bg&#8220; overflow=&#8220;visible&#8220; overlay_strength=&#8220;0.3&#8243; gradient_direction=&#8220;left_to_right&#8220; shape_divider_position=&#8220;bottom&#8220; bg_image_animation=&#8220;none&#8220;][vc_column column_padding=&#8220;no-extra-padding&#8220; column_padding_tablet=&#8220;inherit&#8220; column_padding_phone=&#8220;inherit&#8220; column_padding_position=&#8220;all&#8220; column_element_spacing=&#8220;default&#8220; background_color_opacity=&#8220;1&#8243; background_hover_color_opacity=&#8220;1&#8243; column_shadow=&#8220;none&#8220; column_border_radius=&#8220;none&#8220; column_link_target=&#8220;_self&#8220; column_position=&#8220;default&#8220; gradient_direction=&#8220;left_to_right&#8220; overlay_strength=&#8220;0.3&#8243; width=&#8220;1\/1&#8243; tablet_width_inherit=&#8220;default&#8220; tablet_text_alignment=&#8220;default&#8220; phone_text_alignment=&#8220;default&#8220; animation_type=&#8220;default&#8220; bg_image_animation=&#8220;none&#8220; border_type=&#8220;simple&#8220; column_border_width=&#8220;none&#8220; column_border_style=&#8220;solid&#8220;][nectar_gmap map_type=&#8220;leaflet&#8220; zoom=&#8220;3&#8243; marker_style=&#8220;default&#8220; color=&#8220;accent-color&#8220; marker_image=&#8220;2352&#8243; size=&#8220;500&#8243; map_center_lat=&#8220;36.6250153&#8243; map_center_lng=&#8220;-42.3975026&#8243; map_markers=&#8220;52.002|4.373|Oceanus International &#8211; 120 Mijnbowstraat k080, 2628X, Delft, The Netherlands<br \/>\n21.105|-86.839|Oceanus International &#8211; Carretera a Aeropuerto Canc\u00fan, 77565 Cancun, Q.R.&#8220;][\/vc_column][\/vc_row]\n","protected":false},"excerpt":{"rendered":"<p>[vc_row type=&#8220;full_width_background&#8220; full_screen_row_position=&#8220;middle&#8220; column_margin=&#8220;default&#8220; column_direction=&#8220;default&#8220; column_direction_tablet=&#8220;default&#8220; column_direction_phone=&#8220;default&#8220; bg_color=&#8220;#282828&#8243; scene_position=&#8220;center&#8220; top_padding=&#8220;70&#8243; bottom_padding=&#8220;70&#8243; text_color=&#8220;light&#8220; text_align=&#8220;center&#8220; row_border_radius=&#8220;none&#8220; row_border_radius_applies=&#8220;bg&#8220; overflow=&#8220;visible&#8220; overlay_strength=&#8220;0.3&#8243; gradient_direction=&#8220;left_to_right&#8220; shape_divider_position=&#8220;bottom&#8220; bg_image_animation=&#8220;none&#8220;][vc_column column_padding=&#8220;no-extra-padding&#8220; column_padding_tablet=&#8220;inherit&#8220; column_padding_phone=&#8220;inherit&#8220; column_padding_position=&#8220;all&#8220; column_element_spacing=&#8220;default&#8220; background_color_opacity=&#8220;1&#8243; background_hover_color_opacity=&#8220;1&#8243; column_shadow=&#8220;none&#8220; column_border_radius=&#8220;none&#8220; column_link_target=&#8220;_self&#8220;&#8230;<\/p>\n","protected":false},"author":1,"featured_media":0,"parent":0,"menu_order":0,"comment_status":"closed","ping_status":"closed","template":"","meta":{"footnotes":""},"class_list":["post-1758","page","type-page","status-publish"],"yoast_head":"<!-- This site is optimized with the Yoast SEO plugin v22.7 - https:\/\/yoast.com\/wordpress\/plugins\/seo\/ -->\n<title>Coastal Erosion &amp; Engineering, Beach Nourishment &amp; Recovery - Kontakt<\/title>\n<meta name=\"description\" content=\"Science and Technology for a World In Constant Evolution \/ Ciencia y Tecnolog\u00eda para un Mundo en Constante Evoluci\u00f3n.Our mission is based on the Restoration of Large Marine Ecosystems, to support the UN Goals for 2025 and 2050.\" \/>\n<meta name=\"robots\" content=\"index, follow, max-snippet:-1, max-image-preview:large, max-video-preview:-1\" \/>\n<link rel=\"canonical\" href=\"https:\/\/oceanusinternational.com\/de\/kontakt\/\" \/>\n<meta property=\"og:locale\" content=\"de_DE\" \/>\n<meta property=\"og:type\" content=\"article\" \/>\n<meta property=\"og:title\" content=\"Coastal Erosion &amp; Engineering, Beach Nourishment &amp; Recovery - Kontakt\" \/>\n<meta property=\"og:description\" content=\"Science and Technology for a World In Constant Evolution \/ Ciencia y Tecnolog\u00eda para un Mundo en Constante Evoluci\u00f3n.Our mission is based on the Restoration of Large Marine Ecosystems, to support the UN Goals for 2025 and 2050.\" \/>\n<meta property=\"og:url\" content=\"https:\/\/oceanusinternational.com\/de\/kontakt\/\" \/>\n<meta property=\"og:site_name\" content=\"Coastal Erosion &amp; Engineering, Beach Nourishment &amp; Recovery\" \/>\n<meta property=\"article:publisher\" content=\"https:\/\/www.facebook.com\/Oceanus-International-265731524322338\/\" \/>\n<meta property=\"article:modified_time\" content=\"2025-10-13T15:03:30+00:00\" \/>\n<meta name=\"twitter:card\" content=\"summary_large_image\" \/>\n<meta name=\"twitter:label1\" content=\"Gesch\u00e4tzte Lesezeit\" \/>\n\t<meta name=\"twitter:data1\" content=\"2\u00a0Minuten\" \/>\n<script type=\"application\/ld+json\" class=\"yoast-schema-graph\">{\"@context\":\"https:\/\/schema.org\",\"@graph\":[{\"@type\":\"WebPage\",\"@id\":\"https:\/\/oceanusinternational.com\/de\/kontakt\/\",\"url\":\"https:\/\/oceanusinternational.com\/de\/kontakt\/\",\"name\":\"Coastal Erosion & Engineering, Beach Nourishment & Recovery - Kontakt\",\"isPartOf\":{\"@id\":\"https:\/\/oceanusinternational.com\/nl\/#website\"},\"datePublished\":\"2022-05-06T15:49:14+00:00\",\"dateModified\":\"2025-10-13T15:03:30+00:00\",\"description\":\"Science and Technology for a World In Constant Evolution \/ Ciencia y Tecnolog\u00eda para un Mundo en Constante Evoluci\u00f3n.Our mission is based on the Restoration of Large Marine Ecosystems, to support the UN Goals for 2025 and 2050.\",\"breadcrumb\":{\"@id\":\"https:\/\/oceanusinternational.com\/de\/kontakt\/#breadcrumb\"},\"inLanguage\":\"de\",\"potentialAction\":[{\"@type\":\"ReadAction\",\"target\":[\"https:\/\/oceanusinternational.com\/de\/kontakt\/\"]}]},{\"@type\":\"BreadcrumbList\",\"@id\":\"https:\/\/oceanusinternational.com\/de\/kontakt\/#breadcrumb\",\"itemListElement\":[{\"@type\":\"ListItem\",\"position\":1,\"name\":\"Home\",\"item\":\"https:\/\/oceanusinternational.com\/de\/\"},{\"@type\":\"ListItem\",\"position\":2,\"name\":\"Kontakt\"}]},{\"@type\":\"WebSite\",\"@id\":\"https:\/\/oceanusinternational.com\/nl\/#website\",\"url\":\"https:\/\/oceanusinternational.com\/nl\/\",\"name\":\"Coastal Erosion &amp; Engineering, Beach Nourishment &amp; Recovery\",\"description\":\"Science and Technology for a World In Constant Evolution\",\"publisher\":{\"@id\":\"https:\/\/oceanusinternational.com\/nl\/#organization\"},\"potentialAction\":[{\"@type\":\"SearchAction\",\"target\":{\"@type\":\"EntryPoint\",\"urlTemplate\":\"https:\/\/oceanusinternational.com\/nl\/?s={search_term_string}\"},\"query-input\":\"required name=search_term_string\"}],\"inLanguage\":\"de\"},{\"@type\":\"Organization\",\"@id\":\"https:\/\/oceanusinternational.com\/nl\/#organization\",\"name\":\"Oceanus International - Sargassum Management Systems, Coastal Erosion, Beach Nourishment\",\"url\":\"https:\/\/oceanusinternational.com\/nl\/\",\"logo\":{\"@type\":\"ImageObject\",\"inLanguage\":\"de\",\"@id\":\"https:\/\/oceanusinternational.com\/nl\/#\/schema\/logo\/image\/\",\"url\":\"https:\/\/oceanusinternational.com\/flexibledredging\/wp-content\/uploads\/2022\/04\/logo-oceanus-r-dark.png\",\"contentUrl\":\"https:\/\/oceanusinternational.com\/flexibledredging\/wp-content\/uploads\/2022\/04\/logo-oceanus-r-dark.png\",\"width\":600,\"height\":104,\"caption\":\"Oceanus International - Sargassum Management Systems, Coastal Erosion, Beach Nourishment\"},\"image\":{\"@id\":\"https:\/\/oceanusinternational.com\/nl\/#\/schema\/logo\/image\/\"},\"sameAs\":[\"https:\/\/www.facebook.com\/Oceanus-International-265731524322338\/\",\"https:\/\/www.instagram.com\/oceanusinternationalweb\/\",\"https:\/\/www.youtube.com\/channel\/UC05AGrv-9SLP6nAfjY9Y3LQ\"]}]}<\/script>\n<!-- \/ Yoast SEO plugin. -->","yoast_head_json":{"title":"Coastal Erosion & Engineering, Beach Nourishment & Recovery - Kontakt","description":"Science and Technology for a World In Constant Evolution \/ Ciencia y Tecnolog\u00eda para un Mundo en Constante Evoluci\u00f3n.Our mission is based on the Restoration of Large Marine Ecosystems, to support the UN Goals for 2025 and 2050.","robots":{"index":"index","follow":"follow","max-snippet":"max-snippet:-1","max-image-preview":"max-image-preview:large","max-video-preview":"max-video-preview:-1"},"canonical":"https:\/\/oceanusinternational.com\/de\/kontakt\/","og_locale":"de_DE","og_type":"article","og_title":"Coastal Erosion & Engineering, Beach Nourishment & Recovery - Kontakt","og_description":"Science and Technology for a World In Constant Evolution \/ Ciencia y Tecnolog\u00eda para un Mundo en Constante Evoluci\u00f3n.Our mission is based on the Restoration of Large Marine Ecosystems, to support the UN Goals for 2025 and 2050.","og_url":"https:\/\/oceanusinternational.com\/de\/kontakt\/","og_site_name":"Coastal Erosion &amp; Engineering, Beach Nourishment &amp; Recovery","article_publisher":"https:\/\/www.facebook.com\/Oceanus-International-265731524322338\/","article_modified_time":"2025-10-13T15:03:30+00:00","twitter_card":"summary_large_image","twitter_misc":{"Gesch\u00e4tzte Lesezeit":"2\u00a0Minuten"},"schema":{"@context":"https:\/\/schema.org","@graph":[{"@type":"WebPage","@id":"https:\/\/oceanusinternational.com\/de\/kontakt\/","url":"https:\/\/oceanusinternational.com\/de\/kontakt\/","name":"Coastal Erosion & Engineering, Beach Nourishment & Recovery - Kontakt","isPartOf":{"@id":"https:\/\/oceanusinternational.com\/nl\/#website"},"datePublished":"2022-05-06T15:49:14+00:00","dateModified":"2025-10-13T15:03:30+00:00","description":"Science and Technology for a World In Constant Evolution \/ Ciencia y Tecnolog\u00eda para un Mundo en Constante Evoluci\u00f3n.Our mission is based on the Restoration of Large Marine Ecosystems, to support the UN Goals for 2025 and 2050.","breadcrumb":{"@id":"https:\/\/oceanusinternational.com\/de\/kontakt\/#breadcrumb"},"inLanguage":"de","potentialAction":[{"@type":"ReadAction","target":["https:\/\/oceanusinternational.com\/de\/kontakt\/"]}]},{"@type":"BreadcrumbList","@id":"https:\/\/oceanusinternational.com\/de\/kontakt\/#breadcrumb","itemListElement":[{"@type":"ListItem","position":1,"name":"Home","item":"https:\/\/oceanusinternational.com\/de\/"},{"@type":"ListItem","position":2,"name":"Kontakt"}]},{"@type":"WebSite","@id":"https:\/\/oceanusinternational.com\/nl\/#website","url":"https:\/\/oceanusinternational.com\/nl\/","name":"Coastal Erosion &amp; Engineering, Beach Nourishment &amp; Recovery","description":"Science and Technology for a World In Constant Evolution","publisher":{"@id":"https:\/\/oceanusinternational.com\/nl\/#organization"},"potentialAction":[{"@type":"SearchAction","target":{"@type":"EntryPoint","urlTemplate":"https:\/\/oceanusinternational.com\/nl\/?s={search_term_string}"},"query-input":"required name=search_term_string"}],"inLanguage":"de"},{"@type":"Organization","@id":"https:\/\/oceanusinternational.com\/nl\/#organization","name":"Oceanus International - Sargassum Management Systems, Coastal Erosion, Beach Nourishment","url":"https:\/\/oceanusinternational.com\/nl\/","logo":{"@type":"ImageObject","inLanguage":"de","@id":"https:\/\/oceanusinternational.com\/nl\/#\/schema\/logo\/image\/","url":"https:\/\/oceanusinternational.com\/flexibledredging\/wp-content\/uploads\/2022\/04\/logo-oceanus-r-dark.png","contentUrl":"https:\/\/oceanusinternational.com\/flexibledredging\/wp-content\/uploads\/2022\/04\/logo-oceanus-r-dark.png","width":600,"height":104,"caption":"Oceanus International - Sargassum Management Systems, Coastal Erosion, Beach Nourishment"},"image":{"@id":"https:\/\/oceanusinternational.com\/nl\/#\/schema\/logo\/image\/"},"sameAs":["https:\/\/www.facebook.com\/Oceanus-International-265731524322338\/","https:\/\/www.instagram.com\/oceanusinternationalweb\/","https:\/\/www.youtube.com\/channel\/UC05AGrv-9SLP6nAfjY9Y3LQ"]}]}},"jetpack_sharing_enabled":true,"_links":{"self":[{"href":"https:\/\/oceanusinternational.com\/de\/wp-json\/wp\/v2\/pages\/1758","targetHints":{"allow":["GET"]}}],"collection":[{"href":"https:\/\/oceanusinternational.com\/de\/wp-json\/wp\/v2\/pages"}],"about":[{"href":"https:\/\/oceanusinternational.com\/de\/wp-json\/wp\/v2\/types\/page"}],"author":[{"embeddable":true,"href":"https:\/\/oceanusinternational.com\/de\/wp-json\/wp\/v2\/users\/1"}],"replies":[{"embeddable":true,"href":"https:\/\/oceanusinternational.com\/de\/wp-json\/wp\/v2\/comments?post=1758"}],"version-history":[{"count":7,"href":"https:\/\/oceanusinternational.com\/de\/wp-json\/wp\/v2\/pages\/1758\/revisions"}],"predecessor-version":[{"id":3135,"href":"https:\/\/oceanusinternational.com\/de\/wp-json\/wp\/v2\/pages\/1758\/revisions\/3135"}],"wp:attachment":[{"href":"https:\/\/oceanusinternational.com\/de\/wp-json\/wp\/v2\/media?parent=1758"}],"curies":[{"name":"wp","href":"https:\/\/api.w.org\/{rel}","templated":true}]}}