{"id":1712,"date":"2022-05-05T16:42:07","date_gmt":"2022-05-05T21:42:07","guid":{"rendered":"https:\/\/oceanusinternational.com\/?page_id=1712"},"modified":"2025-10-13T10:22:56","modified_gmt":"2025-10-13T15:22:56","slug":"contacter","status":"publish","type":"page","link":"https:\/\/oceanusinternational.com\/fr\/contacter\/","title":{"rendered":"Contacter"},"content":{"rendered":"[vc_row type=\u00a0\u00bbfull_width_content\u00a0\u00bb full_screen_row_position=\u00a0\u00bbmiddle\u00a0\u00bb column_margin=\u00a0\u00bbdefault\u00a0\u00bb column_direction=\u00a0\u00bbdefault\u00a0\u00bb column_direction_tablet=\u00a0\u00bbdefault\u00a0\u00bb column_direction_phone=\u00a0\u00bbdefault\u00a0\u00bb scene_position=\u00a0\u00bbcenter\u00a0\u00bb text_color=\u00a0\u00bbdark\u00a0\u00bb text_align=\u00a0\u00bbleft\u00a0\u00bb row_border_radius=\u00a0\u00bbnone\u00a0\u00bb row_border_radius_applies=\u00a0\u00bbbg\u00a0\u00bb overflow=\u00a0\u00bbvisible\u00a0\u00bb overlay_strength=\u00a0\u00bb0.3&Prime; gradient_direction=\u00a0\u00bbleft_to_right\u00a0\u00bb shape_divider_position=\u00a0\u00bbbottom\u00a0\u00bb bg_image_animation=\u00a0\u00bbnone\u00a0\u00bb][vc_column column_padding=\u00a0\u00bbno-extra-padding\u00a0\u00bb column_padding_tablet=\u00a0\u00bbinherit\u00a0\u00bb column_padding_phone=\u00a0\u00bbinherit\u00a0\u00bb column_padding_position=\u00a0\u00bball\u00a0\u00bb column_element_spacing=\u00a0\u00bbdefault\u00a0\u00bb background_color_opacity=\u00a0\u00bb1&Prime; background_hover_color_opacity=\u00a0\u00bb1&Prime; column_shadow=\u00a0\u00bbnone\u00a0\u00bb column_border_radius=\u00a0\u00bbnone\u00a0\u00bb column_link_target=\u00a0\u00bb_self\u00a0\u00bb column_position=\u00a0\u00bbdefault\u00a0\u00bb gradient_direction=\u00a0\u00bbleft_to_right\u00a0\u00bb overlay_strength=\u00a0\u00bb0.3&Prime; width=\u00a0\u00bb1\/1&Prime; tablet_width_inherit=\u00a0\u00bbdefault\u00a0\u00bb tablet_text_alignment=\u00a0\u00bbdefault\u00a0\u00bb phone_text_alignment=\u00a0\u00bbdefault\u00a0\u00bb animation_type=\u00a0\u00bbdefault\u00a0\u00bb bg_image_animation=\u00a0\u00bbnone\u00a0\u00bb border_type=\u00a0\u00bbsimple\u00a0\u00bb column_border_width=\u00a0\u00bbnone\u00a0\u00bb column_border_style=\u00a0\u00bbsolid\u00a0\u00bb][nectar_gmap map_type=\u00a0\u00bbgoogle\u00a0\u00bb zoom=\u00a0\u00bb3&Prime; enable_zoom=\u00a0\u00bb1&Prime; marker_style=\u00a0\u00bbdefault\u00a0\u00bb nectar_marker_color=\u00a0\u00bbaccent-color\u00a0\u00bb marker_image=\u00a0\u00bb2844&Prime; marker_animation=\u00a0\u00bb1&Prime; map_greyscale=\u00a0\u00bb1&Prime; size=\u00a0\u00bb500&Prime; map_center_lat=\u00a0\u00bb36.6250153&Prime; map_center_lng=\u00a0\u00bb-42.3975026&Prime; map_markers=\u00a0\u00bb52.002|4.373|Oceanus International &#8211; 120 Mijnbowstraat k080, 2628X, Delft, The Netherlands<br \/>\n21.105|-86.839|Oceanus International &#8211; Carretera a Aeropuerto Canc\u00fan, 77565 Cancun, Q.R.\u00a0\u00bb][\/vc_column][vc_column column_padding=\u00a0\u00bbno-extra-padding\u00a0\u00bb column_padding_tablet=\u00a0\u00bbinherit\u00a0\u00bb column_padding_phone=\u00a0\u00bbinherit\u00a0\u00bb column_padding_position=\u00a0\u00bball\u00a0\u00bb column_element_spacing=\u00a0\u00bbdefault\u00a0\u00bb background_color_opacity=\u00a0\u00bb1&Prime; background_hover_color_opacity=\u00a0\u00bb1&Prime; column_shadow=\u00a0\u00bbnone\u00a0\u00bb column_border_radius=\u00a0\u00bbnone\u00a0\u00bb column_link_target=\u00a0\u00bb_self\u00a0\u00bb column_position=\u00a0\u00bbdefault\u00a0\u00bb gradient_direction=\u00a0\u00bbleft_to_right\u00a0\u00bb overlay_strength=\u00a0\u00bb0.3&Prime; width=\u00a0\u00bb1\/1&Prime; tablet_width_inherit=\u00a0\u00bbdefault\u00a0\u00bb tablet_text_alignment=\u00a0\u00bbdefault\u00a0\u00bb phone_text_alignment=\u00a0\u00bbdefault\u00a0\u00bb animation_type=\u00a0\u00bbdefault\u00a0\u00bb bg_image_animation=\u00a0\u00bbnone\u00a0\u00bb border_type=\u00a0\u00bbsimple\u00a0\u00bb column_border_width=\u00a0\u00bbnone\u00a0\u00bb column_border_style=\u00a0\u00bbsolid\u00a0\u00bb][vc_column_text]\n<h2 data-start=\"242\" data-end=\"261\">Contactez-nous<\/h2>\n<h3 data-start=\"262\" data-end=\"325\">Fa\u00e7onnons ensemble l\u2019avenir de nos c\u00f4tes et de nos oc\u00e9ans<\/h3>\n<p data-start=\"327\" data-end=\"643\">Nous sommes disponibles pour vous aider <strong data-start=\"367\" data-end=\"403\">24 heures sur 24, 7 jours sur 7.<\/strong><br data-start=\"403\" data-end=\"406\" \/>Que vous repr\u00e9sentiez une <strong data-start=\"432\" data-end=\"522\">propri\u00e9t\u00e9 c\u00f4ti\u00e8re priv\u00e9e, un complexe h\u00f4telier, une municipalit\u00e9 ou un projet offshore<\/strong>, notre \u00e9quipe est pr\u00eate \u00e0 vous offrir une <strong data-start=\"565\" data-end=\"617\">expertise technique et des solutions cl\u00e9 en main<\/strong> adapt\u00e9es \u00e0 vos besoins.<\/p>\n<p data-start=\"645\" data-end=\"734\">\ud83d\udce7 <strong data-start=\"648\" data-end=\"662\">Courriel :<\/strong> <a class=\"decorated-link cursor-pointer\" rel=\"noopener\" data-start=\"663\" data-end=\"732\">info@oceanusinternational.com<\/a><\/p>\n<p data-start=\"736\" data-end=\"831\"><strong data-start=\"736\" data-end=\"761\">Oceanus International<\/strong> d\u00e9veloppe des <strong data-start=\"776\" data-end=\"822\">solutions hybrides et bas\u00e9es sur la nature<\/strong> pour :<\/p>\n<ul data-start=\"832\" data-end=\"1105\">\n<li data-start=\"832\" data-end=\"880\">\n<p data-start=\"834\" data-end=\"880\"><strong data-start=\"834\" data-end=\"878\">La restauration et la protection c\u00f4ti\u00e8re<\/strong><\/p>\n<\/li>\n<li data-start=\"881\" data-end=\"952\">\n<p data-start=\"883\" data-end=\"952\"><strong data-start=\"883\" data-end=\"950\">La gestion int\u00e9gr\u00e9e des sargasses et des efflorescences algales<\/strong><\/p>\n<\/li>\n<li data-start=\"953\" data-end=\"997\">\n<p data-start=\"955\" data-end=\"997\"><strong data-start=\"955\" data-end=\"995\">L\u2019\u00e9nergie \u00e9olienne et solaire en mer<\/strong><\/p>\n<\/li>\n<li data-start=\"998\" data-end=\"1048\">\n<p data-start=\"1000\" data-end=\"1048\"><strong data-start=\"1000\" data-end=\"1046\">La production sous-marine d\u2019hydrog\u00e8ne vert<\/strong><\/p>\n<\/li>\n<li data-start=\"1049\" data-end=\"1105\">\n<p data-start=\"1051\" data-end=\"1105\"><strong data-start=\"1051\" data-end=\"1103\">Les infrastructures marines et c\u00f4ti\u00e8res durables<\/strong><\/p>\n<\/li>\n<\/ul>\n<p data-start=\"1107\" data-end=\"1445\">Nous travaillons \u00e0 l\u2019<strong data-start=\"1128\" data-end=\"1177\">intersection de l\u2019\u00e9cologie et de l\u2019ing\u00e9nierie<\/strong>, en livrant des <strong data-start=\"1194\" data-end=\"1257\">solutions r\u00e9silientes, mesurables et tourn\u00e9es vers l\u2019avenir<\/strong> qui prot\u00e8gent les \u00e9cosyst\u00e8mes, renforcent les communaut\u00e9s et transforment les d\u00e9fis environnementaux \u2014 tels que les sargasses \u2014 en <strong data-start=\"1389\" data-end=\"1442\">opportunit\u00e9s durables au sein de l\u2019\u00e9conomie bleue<\/strong>.<\/p>\n[\/vc_column_text][\/vc_column][\/vc_row]\n","protected":false},"excerpt":{"rendered":"<p>[vc_row type=\u00a0\u00bbfull_width_content\u00a0\u00bb full_screen_row_position=\u00a0\u00bbmiddle\u00a0\u00bb column_margin=\u00a0\u00bbdefault\u00a0\u00bb column_direction=\u00a0\u00bbdefault\u00a0\u00bb column_direction_tablet=\u00a0\u00bbdefault\u00a0\u00bb column_direction_phone=\u00a0\u00bbdefault\u00a0\u00bb scene_position=\u00a0\u00bbcenter\u00a0\u00bb text_color=\u00a0\u00bbdark\u00a0\u00bb text_align=\u00a0\u00bbleft\u00a0\u00bb row_border_radius=\u00a0\u00bbnone\u00a0\u00bb row_border_radius_applies=\u00a0\u00bbbg\u00a0\u00bb overflow=\u00a0\u00bbvisible\u00a0\u00bb overlay_strength=\u00a0\u00bb0.3&Prime; gradient_direction=\u00a0\u00bbleft_to_right\u00a0\u00bb shape_divider_position=\u00a0\u00bbbottom\u00a0\u00bb bg_image_animation=\u00a0\u00bbnone\u00a0\u00bb][vc_column column_padding=\u00a0\u00bbno-extra-padding\u00a0\u00bb column_padding_tablet=\u00a0\u00bbinherit\u00a0\u00bb column_padding_phone=\u00a0\u00bbinherit\u00a0\u00bb column_padding_position=\u00a0\u00bball\u00a0\u00bb column_element_spacing=\u00a0\u00bbdefault\u00a0\u00bb background_color_opacity=\u00a0\u00bb1&Prime; background_hover_color_opacity=\u00a0\u00bb1&Prime; column_shadow=\u00a0\u00bbnone\u00a0\u00bb column_border_radius=\u00a0\u00bbnone\u00a0\u00bb column_link_target=\u00a0\u00bb_self\u00a0\u00bb column_position=\u00a0\u00bbdefault\u00a0\u00bb gradient_direction=\u00a0\u00bbleft_to_right\u00a0\u00bb overlay_strength=\u00a0\u00bb0.3&Prime;&#8230;<\/p>\n","protected":false},"author":1,"featured_media":0,"parent":0,"menu_order":0,"comment_status":"closed","ping_status":"closed","template":"","meta":{"footnotes":""},"class_list":["post-1712","page","type-page","status-publish"],"yoast_head":"<!-- This site is optimized with the Yoast SEO plugin v22.7 - https:\/\/yoast.com\/wordpress\/plugins\/seo\/ -->\n<title>Coastal Erosion &amp; Engineering, Beach Nourishment &amp; Recovery - Contacter<\/title>\n<meta name=\"description\" content=\"Science and Technology for a World In Constant Evolution \/ Ciencia y Tecnolog\u00eda para un Mundo en Constante Evoluci\u00f3n.Our mission is based on the Restoration of Large Marine Ecosystems, to support the UN Goals for 2025 and 2050.\" \/>\n<meta name=\"robots\" content=\"index, follow, max-snippet:-1, max-image-preview:large, max-video-preview:-1\" \/>\n<link rel=\"canonical\" href=\"https:\/\/oceanusinternational.com\/fr\/contacter\/\" \/>\n<meta property=\"og:locale\" content=\"fr_FR\" \/>\n<meta property=\"og:type\" content=\"article\" \/>\n<meta property=\"og:title\" content=\"Coastal Erosion &amp; Engineering, Beach Nourishment &amp; Recovery - Contacter\" \/>\n<meta property=\"og:description\" content=\"Science and Technology for a World In Constant Evolution \/ Ciencia y Tecnolog\u00eda para un Mundo en Constante Evoluci\u00f3n.Our mission is based on the Restoration of Large Marine Ecosystems, to support the UN Goals for 2025 and 2050.\" \/>\n<meta property=\"og:url\" content=\"https:\/\/oceanusinternational.com\/fr\/contacter\/\" \/>\n<meta property=\"og:site_name\" content=\"Coastal Erosion &amp; Engineering, Beach Nourishment &amp; Recovery\" \/>\n<meta property=\"article:publisher\" content=\"https:\/\/www.facebook.com\/Oceanus-International-265731524322338\/\" \/>\n<meta property=\"article:modified_time\" content=\"2025-10-13T15:22:56+00:00\" \/>\n<meta name=\"twitter:card\" content=\"summary_large_image\" \/>\n<meta name=\"twitter:label1\" content=\"Dur\u00e9e de lecture estim\u00e9e\" \/>\n\t<meta name=\"twitter:data1\" content=\"1 minute\" \/>\n<script type=\"application\/ld+json\" class=\"yoast-schema-graph\">{\"@context\":\"https:\/\/schema.org\",\"@graph\":[{\"@type\":\"WebPage\",\"@id\":\"https:\/\/oceanusinternational.com\/fr\/contacter\/\",\"url\":\"https:\/\/oceanusinternational.com\/fr\/contacter\/\",\"name\":\"Coastal Erosion & Engineering, Beach Nourishment & Recovery - Contacter\",\"isPartOf\":{\"@id\":\"https:\/\/oceanusinternational.com\/nl\/#website\"},\"datePublished\":\"2022-05-05T21:42:07+00:00\",\"dateModified\":\"2025-10-13T15:22:56+00:00\",\"description\":\"Science and Technology for a World In Constant Evolution \/ Ciencia y Tecnolog\u00eda para un Mundo en Constante Evoluci\u00f3n.Our mission is based on the Restoration of Large Marine Ecosystems, to support the UN Goals for 2025 and 2050.\",\"breadcrumb\":{\"@id\":\"https:\/\/oceanusinternational.com\/fr\/contacter\/#breadcrumb\"},\"inLanguage\":\"fr-FR\",\"potentialAction\":[{\"@type\":\"ReadAction\",\"target\":[\"https:\/\/oceanusinternational.com\/fr\/contacter\/\"]}]},{\"@type\":\"BreadcrumbList\",\"@id\":\"https:\/\/oceanusinternational.com\/fr\/contacter\/#breadcrumb\",\"itemListElement\":[{\"@type\":\"ListItem\",\"position\":1,\"name\":\"Home\",\"item\":\"https:\/\/oceanusinternational.com\/fr\/\"},{\"@type\":\"ListItem\",\"position\":2,\"name\":\"Contacter\"}]},{\"@type\":\"WebSite\",\"@id\":\"https:\/\/oceanusinternational.com\/nl\/#website\",\"url\":\"https:\/\/oceanusinternational.com\/nl\/\",\"name\":\"Coastal Erosion &amp; Engineering, Beach Nourishment &amp; Recovery\",\"description\":\"Science and Technology for a World In Constant Evolution\",\"publisher\":{\"@id\":\"https:\/\/oceanusinternational.com\/nl\/#organization\"},\"potentialAction\":[{\"@type\":\"SearchAction\",\"target\":{\"@type\":\"EntryPoint\",\"urlTemplate\":\"https:\/\/oceanusinternational.com\/nl\/?s={search_term_string}\"},\"query-input\":\"required name=search_term_string\"}],\"inLanguage\":\"fr-FR\"},{\"@type\":\"Organization\",\"@id\":\"https:\/\/oceanusinternational.com\/nl\/#organization\",\"name\":\"Oceanus International - Sargassum Management Systems, Coastal Erosion, Beach Nourishment\",\"url\":\"https:\/\/oceanusinternational.com\/nl\/\",\"logo\":{\"@type\":\"ImageObject\",\"inLanguage\":\"fr-FR\",\"@id\":\"https:\/\/oceanusinternational.com\/nl\/#\/schema\/logo\/image\/\",\"url\":\"https:\/\/oceanusinternational.com\/flexibledredging\/wp-content\/uploads\/2022\/04\/logo-oceanus-r-dark.png\",\"contentUrl\":\"https:\/\/oceanusinternational.com\/flexibledredging\/wp-content\/uploads\/2022\/04\/logo-oceanus-r-dark.png\",\"width\":600,\"height\":104,\"caption\":\"Oceanus International - Sargassum Management Systems, Coastal Erosion, Beach Nourishment\"},\"image\":{\"@id\":\"https:\/\/oceanusinternational.com\/nl\/#\/schema\/logo\/image\/\"},\"sameAs\":[\"https:\/\/www.facebook.com\/Oceanus-International-265731524322338\/\",\"https:\/\/www.instagram.com\/oceanusinternationalweb\/\",\"https:\/\/www.youtube.com\/channel\/UC05AGrv-9SLP6nAfjY9Y3LQ\"]}]}<\/script>\n<!-- \/ Yoast SEO plugin. -->","yoast_head_json":{"title":"Coastal Erosion & Engineering, Beach Nourishment & Recovery - Contacter","description":"Science and Technology for a World In Constant Evolution \/ Ciencia y Tecnolog\u00eda para un Mundo en Constante Evoluci\u00f3n.Our mission is based on the Restoration of Large Marine Ecosystems, to support the UN Goals for 2025 and 2050.","robots":{"index":"index","follow":"follow","max-snippet":"max-snippet:-1","max-image-preview":"max-image-preview:large","max-video-preview":"max-video-preview:-1"},"canonical":"https:\/\/oceanusinternational.com\/fr\/contacter\/","og_locale":"fr_FR","og_type":"article","og_title":"Coastal Erosion & Engineering, Beach Nourishment & Recovery - Contacter","og_description":"Science and Technology for a World In Constant Evolution \/ Ciencia y Tecnolog\u00eda para un Mundo en Constante Evoluci\u00f3n.Our mission is based on the Restoration of Large Marine Ecosystems, to support the UN Goals for 2025 and 2050.","og_url":"https:\/\/oceanusinternational.com\/fr\/contacter\/","og_site_name":"Coastal Erosion &amp; Engineering, Beach Nourishment &amp; Recovery","article_publisher":"https:\/\/www.facebook.com\/Oceanus-International-265731524322338\/","article_modified_time":"2025-10-13T15:22:56+00:00","twitter_card":"summary_large_image","twitter_misc":{"Dur\u00e9e de lecture estim\u00e9e":"1 minute"},"schema":{"@context":"https:\/\/schema.org","@graph":[{"@type":"WebPage","@id":"https:\/\/oceanusinternational.com\/fr\/contacter\/","url":"https:\/\/oceanusinternational.com\/fr\/contacter\/","name":"Coastal Erosion & Engineering, Beach Nourishment & Recovery - Contacter","isPartOf":{"@id":"https:\/\/oceanusinternational.com\/nl\/#website"},"datePublished":"2022-05-05T21:42:07+00:00","dateModified":"2025-10-13T15:22:56+00:00","description":"Science and Technology for a World In Constant Evolution \/ Ciencia y Tecnolog\u00eda para un Mundo en Constante Evoluci\u00f3n.Our mission is based on the Restoration of Large Marine Ecosystems, to support the UN Goals for 2025 and 2050.","breadcrumb":{"@id":"https:\/\/oceanusinternational.com\/fr\/contacter\/#breadcrumb"},"inLanguage":"fr-FR","potentialAction":[{"@type":"ReadAction","target":["https:\/\/oceanusinternational.com\/fr\/contacter\/"]}]},{"@type":"BreadcrumbList","@id":"https:\/\/oceanusinternational.com\/fr\/contacter\/#breadcrumb","itemListElement":[{"@type":"ListItem","position":1,"name":"Home","item":"https:\/\/oceanusinternational.com\/fr\/"},{"@type":"ListItem","position":2,"name":"Contacter"}]},{"@type":"WebSite","@id":"https:\/\/oceanusinternational.com\/nl\/#website","url":"https:\/\/oceanusinternational.com\/nl\/","name":"Coastal Erosion &amp; Engineering, Beach Nourishment &amp; Recovery","description":"Science and Technology for a World In Constant Evolution","publisher":{"@id":"https:\/\/oceanusinternational.com\/nl\/#organization"},"potentialAction":[{"@type":"SearchAction","target":{"@type":"EntryPoint","urlTemplate":"https:\/\/oceanusinternational.com\/nl\/?s={search_term_string}"},"query-input":"required name=search_term_string"}],"inLanguage":"fr-FR"},{"@type":"Organization","@id":"https:\/\/oceanusinternational.com\/nl\/#organization","name":"Oceanus International - Sargassum Management Systems, Coastal Erosion, Beach Nourishment","url":"https:\/\/oceanusinternational.com\/nl\/","logo":{"@type":"ImageObject","inLanguage":"fr-FR","@id":"https:\/\/oceanusinternational.com\/nl\/#\/schema\/logo\/image\/","url":"https:\/\/oceanusinternational.com\/flexibledredging\/wp-content\/uploads\/2022\/04\/logo-oceanus-r-dark.png","contentUrl":"https:\/\/oceanusinternational.com\/flexibledredging\/wp-content\/uploads\/2022\/04\/logo-oceanus-r-dark.png","width":600,"height":104,"caption":"Oceanus International - Sargassum Management Systems, Coastal Erosion, Beach Nourishment"},"image":{"@id":"https:\/\/oceanusinternational.com\/nl\/#\/schema\/logo\/image\/"},"sameAs":["https:\/\/www.facebook.com\/Oceanus-International-265731524322338\/","https:\/\/www.instagram.com\/oceanusinternationalweb\/","https:\/\/www.youtube.com\/channel\/UC05AGrv-9SLP6nAfjY9Y3LQ"]}]}},"jetpack_sharing_enabled":true,"_links":{"self":[{"href":"https:\/\/oceanusinternational.com\/fr\/wp-json\/wp\/v2\/pages\/1712","targetHints":{"allow":["GET"]}}],"collection":[{"href":"https:\/\/oceanusinternational.com\/fr\/wp-json\/wp\/v2\/pages"}],"about":[{"href":"https:\/\/oceanusinternational.com\/fr\/wp-json\/wp\/v2\/types\/page"}],"author":[{"embeddable":true,"href":"https:\/\/oceanusinternational.com\/fr\/wp-json\/wp\/v2\/users\/1"}],"replies":[{"embeddable":true,"href":"https:\/\/oceanusinternational.com\/fr\/wp-json\/wp\/v2\/comments?post=1712"}],"version-history":[{"count":8,"href":"https:\/\/oceanusinternational.com\/fr\/wp-json\/wp\/v2\/pages\/1712\/revisions"}],"predecessor-version":[{"id":3136,"href":"https:\/\/oceanusinternational.com\/fr\/wp-json\/wp\/v2\/pages\/1712\/revisions\/3136"}],"wp:attachment":[{"href":"https:\/\/oceanusinternational.com\/fr\/wp-json\/wp\/v2\/media?parent=1712"}],"curies":[{"name":"wp","href":"https:\/\/api.w.org\/{rel}","templated":true}]}}