{"id":1806,"date":"2022-05-06T11:53:41","date_gmt":"2022-05-06T16:53:41","guid":{"rendered":"https:\/\/oceanusinternational.com\/?page_id=1806"},"modified":"2025-10-13T09:49:20","modified_gmt":"2025-10-13T14:49:20","slug":"contato","status":"publish","type":"page","link":"https:\/\/oceanusinternational.com\/pt-pt\/contato\/","title":{"rendered":"Contato"},"content":{"rendered":"[vc_row type=&#8221;full_width_background&#8221; full_screen_row_position=&#8221;middle&#8221; column_margin=&#8221;default&#8221; column_direction=&#8221;default&#8221; column_direction_tablet=&#8221;default&#8221; column_direction_phone=&#8221;default&#8221; bg_color=&#8221;#282828&#8243; scene_position=&#8221;center&#8221; top_padding=&#8221;70&#8243; bottom_padding=&#8221;70&#8243; text_color=&#8221;light&#8221; text_align=&#8221;center&#8221; row_border_radius=&#8221;none&#8221; row_border_radius_applies=&#8221;bg&#8221; overflow=&#8221;visible&#8221; overlay_strength=&#8221;0.3&#8243; gradient_direction=&#8221;left_to_right&#8221; shape_divider_position=&#8221;bottom&#8221; bg_image_animation=&#8221;none&#8221;][vc_column column_padding=&#8221;no-extra-padding&#8221; column_padding_tablet=&#8221;inherit&#8221; column_padding_phone=&#8221;inherit&#8221; column_padding_position=&#8221;all&#8221; column_element_spacing=&#8221;default&#8221; background_color_opacity=&#8221;1&#8243; background_hover_color_opacity=&#8221;1&#8243; column_shadow=&#8221;none&#8221; column_border_radius=&#8221;none&#8221; column_link_target=&#8221;_self&#8221; column_position=&#8221;default&#8221; gradient_direction=&#8221;left_to_right&#8221; overlay_strength=&#8221;0.3&#8243; width=&#8221;1\/1&#8243; tablet_width_inherit=&#8221;default&#8221; tablet_text_alignment=&#8221;default&#8221; phone_text_alignment=&#8221;default&#8221; animation_type=&#8221;default&#8221; bg_image_animation=&#8221;none&#8221; border_type=&#8221;simple&#8221; column_border_width=&#8221;none&#8221; column_border_style=&#8221;solid&#8221;][vc_column_text]\n<h2 data-start=\"277\" data-end=\"293\">Contate-nos<\/h2>\n<h3 data-start=\"294\" data-end=\"356\">Vamos moldar juntos o futuro das nossas costas e oceanos<\/h3>\n<p data-start=\"358\" data-end=\"705\">Estamos dispon\u00edveis para ajudar voc\u00ea <strong data-start=\"395\" data-end=\"435\">24 horas por dia, 7 dias por semana.<\/strong><br data-start=\"435\" data-end=\"438\" \/>Seja voc\u00ea <strong data-start=\"448\" data-end=\"575\">propriet\u00e1rio de uma \u00e1rea costeira, gestor de um empreendimento tur\u00edstico, representante municipal ou desenvolvedor offshore<\/strong>, nossa equipe est\u00e1 pronta para oferecer <strong data-start=\"616\" data-end=\"671\">consultoria especializada e solu\u00e7\u00f5es \u201cchave na m\u00e3o\u201d<\/strong> adaptadas \u00e0s suas necessidades.<\/p>\n<p data-start=\"707\" data-end=\"793\">\ud83d\udce7 <strong data-start=\"710\" data-end=\"721\">E-mail:<\/strong> <a class=\"decorated-link cursor-pointer\" rel=\"noopener\" data-start=\"722\" data-end=\"791\">info@oceanusinternational.com<\/a><\/p>\n<p data-start=\"795\" data-end=\"886\">A <strong data-start=\"797\" data-end=\"822\">Oceanus International<\/strong> desenvolve <strong data-start=\"834\" data-end=\"878\">solu\u00e7\u00f5es h\u00edbridas e baseadas na natureza<\/strong> para:<\/p>\n<ul data-start=\"887\" data-end=\"1124\">\n<li data-start=\"887\" data-end=\"926\">\n<p data-start=\"889\" data-end=\"926\"><strong data-start=\"889\" data-end=\"924\">Restaura\u00e7\u00e3o e prote\u00e7\u00e3o costeira<\/strong><\/p>\n<\/li>\n<li data-start=\"927\" data-end=\"983\">\n<p data-start=\"929\" data-end=\"983\"><strong data-start=\"929\" data-end=\"981\">Gest\u00e3o integrada de sarga\u00e7o e flora\u00e7\u00f5es de algas<\/strong><\/p>\n<\/li>\n<li data-start=\"984\" data-end=\"1023\">\n<p data-start=\"986\" data-end=\"1023\"><strong data-start=\"986\" data-end=\"1021\">Energia e\u00f3lica e solar offshore<\/strong><\/p>\n<\/li>\n<li data-start=\"1024\" data-end=\"1070\">\n<p data-start=\"1026\" data-end=\"1070\"><strong data-start=\"1026\" data-end=\"1068\">Produ\u00e7\u00e3o submarina de hidrog\u00eanio verde<\/strong><\/p>\n<\/li>\n<li data-start=\"1071\" data-end=\"1124\">\n<p data-start=\"1073\" data-end=\"1124\"><strong data-start=\"1073\" data-end=\"1122\">Infraestrutura marinha e costeira sustent\u00e1vel<\/strong><\/p>\n<\/li>\n<\/ul>\n<p data-start=\"1126\" data-end=\"1432\">Trabalhamos na <strong data-start=\"1141\" data-end=\"1184\">intersec\u00e7\u00e3o entre ecologia e engenharia<\/strong>, oferecendo <strong data-start=\"1197\" data-end=\"1261\">solu\u00e7\u00f5es resilientes, mensur\u00e1veis e orientadas para o futuro<\/strong>, que protegem os ecossistemas, fortalecem as comunidades e transformam desafios ambientais \u2014 como o sarga\u00e7o \u2014 em <strong data-start=\"1375\" data-end=\"1429\">oportunidades sustent\u00e1veis dentro da economia azul<\/strong>.<\/p>\n[\/vc_column_text][\/vc_column][\/vc_row][vc_row type=&#8221;full_width_content&#8221; full_screen_row_position=&#8221;middle&#8221; column_margin=&#8221;default&#8221; column_direction=&#8221;default&#8221; column_direction_tablet=&#8221;default&#8221; column_direction_phone=&#8221;default&#8221; scene_position=&#8221;center&#8221; text_color=&#8221;dark&#8221; text_align=&#8221;left&#8221; row_border_radius=&#8221;none&#8221; row_border_radius_applies=&#8221;bg&#8221; overflow=&#8221;visible&#8221; overlay_strength=&#8221;0.3&#8243; gradient_direction=&#8221;left_to_right&#8221; shape_divider_position=&#8221;bottom&#8221; bg_image_animation=&#8221;none&#8221;][vc_column column_padding=&#8221;no-extra-padding&#8221; column_padding_tablet=&#8221;inherit&#8221; column_padding_phone=&#8221;inherit&#8221; column_padding_position=&#8221;all&#8221; column_element_spacing=&#8221;default&#8221; background_color_opacity=&#8221;1&#8243; background_hover_color_opacity=&#8221;1&#8243; column_shadow=&#8221;none&#8221; column_border_radius=&#8221;none&#8221; column_link_target=&#8221;_self&#8221; column_position=&#8221;default&#8221; gradient_direction=&#8221;left_to_right&#8221; overlay_strength=&#8221;0.3&#8243; width=&#8221;1\/1&#8243; tablet_width_inherit=&#8221;default&#8221; tablet_text_alignment=&#8221;default&#8221; phone_text_alignment=&#8221;default&#8221; animation_type=&#8221;default&#8221; bg_image_animation=&#8221;none&#8221; border_type=&#8221;simple&#8221; column_border_width=&#8221;none&#8221; column_border_style=&#8221;solid&#8221;][nectar_gmap map_type=&#8221;google&#8221; zoom=&#8221;3&#8243; enable_zoom=&#8221;1&#8243; marker_style=&#8221;default&#8221; nectar_marker_color=&#8221;accent-color&#8221; marker_image=&#8221;2352&#8243; marker_animation=&#8221;1&#8243; map_greyscale=&#8221;1&#8243; size=&#8221;500&#8243; map_center_lat=&#8221;36.6250153&#8243; map_center_lng=&#8221;-42.3975026&#8243; map_markers=&#8221;52.002|4.373|Oceanus International &#8211; 120 Mijnbowstraat k080, 2628X, Delft, The Netherlands<br \/>\n21.105|-86.839|Oceanus International &#8211; Carretera a Aeropuerto Canc\u00fan, 77565 Cancun, Q.R.&#8221;][\/vc_column][\/vc_row]\n","protected":false},"excerpt":{"rendered":"<p>[vc_row type=&#8221;full_width_background&#8221; full_screen_row_position=&#8221;middle&#8221; column_margin=&#8221;default&#8221; column_direction=&#8221;default&#8221; column_direction_tablet=&#8221;default&#8221; column_direction_phone=&#8221;default&#8221; bg_color=&#8221;#282828&#8243; scene_position=&#8221;center&#8221; top_padding=&#8221;70&#8243; bottom_padding=&#8221;70&#8243; text_color=&#8221;light&#8221; text_align=&#8221;center&#8221; row_border_radius=&#8221;none&#8221; row_border_radius_applies=&#8221;bg&#8221; overflow=&#8221;visible&#8221; overlay_strength=&#8221;0.3&#8243; gradient_direction=&#8221;left_to_right&#8221; shape_divider_position=&#8221;bottom&#8221; bg_image_animation=&#8221;none&#8221;][vc_column column_padding=&#8221;no-extra-padding&#8221; column_padding_tablet=&#8221;inherit&#8221; column_padding_phone=&#8221;inherit&#8221; column_padding_position=&#8221;all&#8221; column_element_spacing=&#8221;default&#8221; background_color_opacity=&#8221;1&#8243; background_hover_color_opacity=&#8221;1&#8243; column_shadow=&#8221;none&#8221; column_border_radius=&#8221;none&#8221; column_link_target=&#8221;_self&#8221;&#8230;<\/p>\n","protected":false},"author":1,"featured_media":0,"parent":0,"menu_order":0,"comment_status":"closed","ping_status":"closed","template":"","meta":{"footnotes":""},"class_list":["post-1806","page","type-page","status-publish"],"yoast_head":"<!-- This site is optimized with the Yoast SEO plugin v22.7 - https:\/\/yoast.com\/wordpress\/plugins\/seo\/ -->\n<title>Coastal Erosion &amp; Engineering, Beach Nourishment &amp; Recovery - Contato<\/title>\n<meta name=\"description\" content=\"Science and Technology for a World In Constant Evolution \/ Ciencia y Tecnolog\u00eda para un Mundo en Constante Evoluci\u00f3n.Our mission is based on the Restoration of Large Marine Ecosystems, to support the UN Goals for 2025 and 2050.\" \/>\n<meta name=\"robots\" content=\"index, follow, max-snippet:-1, max-image-preview:large, max-video-preview:-1\" \/>\n<link rel=\"canonical\" href=\"https:\/\/oceanusinternational.com\/pt-pt\/contato\/\" \/>\n<meta property=\"og:locale\" content=\"pt_PT\" \/>\n<meta property=\"og:type\" content=\"article\" \/>\n<meta property=\"og:title\" content=\"Coastal Erosion &amp; Engineering, Beach Nourishment &amp; Recovery - Contato\" \/>\n<meta property=\"og:description\" content=\"Science and Technology for a World In Constant Evolution \/ Ciencia y Tecnolog\u00eda para un Mundo en Constante Evoluci\u00f3n.Our mission is based on the Restoration of Large Marine Ecosystems, to support the UN Goals for 2025 and 2050.\" \/>\n<meta property=\"og:url\" content=\"https:\/\/oceanusinternational.com\/pt-pt\/contato\/\" \/>\n<meta property=\"og:site_name\" content=\"Coastal Erosion &amp; Engineering, Beach Nourishment &amp; Recovery\" \/>\n<meta property=\"article:publisher\" content=\"https:\/\/www.facebook.com\/Oceanus-International-265731524322338\/\" \/>\n<meta property=\"article:modified_time\" content=\"2025-10-13T14:49:20+00:00\" \/>\n<meta name=\"twitter:card\" content=\"summary_large_image\" \/>\n<meta name=\"twitter:label1\" content=\"Tempo estimado de leitura\" \/>\n\t<meta name=\"twitter:data1\" content=\"2 minutos\" \/>\n<script type=\"application\/ld+json\" class=\"yoast-schema-graph\">{\"@context\":\"https:\/\/schema.org\",\"@graph\":[{\"@type\":\"WebPage\",\"@id\":\"https:\/\/oceanusinternational.com\/pt-pt\/contato\/\",\"url\":\"https:\/\/oceanusinternational.com\/pt-pt\/contato\/\",\"name\":\"Coastal Erosion & Engineering, Beach Nourishment & Recovery - Contato\",\"isPartOf\":{\"@id\":\"https:\/\/oceanusinternational.com\/nl\/#website\"},\"datePublished\":\"2022-05-06T16:53:41+00:00\",\"dateModified\":\"2025-10-13T14:49:20+00:00\",\"description\":\"Science and Technology for a World In Constant Evolution \/ Ciencia y Tecnolog\u00eda para un Mundo en Constante Evoluci\u00f3n.Our mission is based on the Restoration of Large Marine Ecosystems, to support the UN Goals for 2025 and 2050.\",\"breadcrumb\":{\"@id\":\"https:\/\/oceanusinternational.com\/pt-pt\/contato\/#breadcrumb\"},\"inLanguage\":\"pt-PT\",\"potentialAction\":[{\"@type\":\"ReadAction\",\"target\":[\"https:\/\/oceanusinternational.com\/pt-pt\/contato\/\"]}]},{\"@type\":\"BreadcrumbList\",\"@id\":\"https:\/\/oceanusinternational.com\/pt-pt\/contato\/#breadcrumb\",\"itemListElement\":[{\"@type\":\"ListItem\",\"position\":1,\"name\":\"Home\",\"item\":\"https:\/\/oceanusinternational.com\/pt-pt\/\"},{\"@type\":\"ListItem\",\"position\":2,\"name\":\"Contato\"}]},{\"@type\":\"WebSite\",\"@id\":\"https:\/\/oceanusinternational.com\/nl\/#website\",\"url\":\"https:\/\/oceanusinternational.com\/nl\/\",\"name\":\"Coastal Erosion &amp; Engineering, Beach Nourishment &amp; Recovery\",\"description\":\"Science and Technology for a World In Constant Evolution\",\"publisher\":{\"@id\":\"https:\/\/oceanusinternational.com\/nl\/#organization\"},\"potentialAction\":[{\"@type\":\"SearchAction\",\"target\":{\"@type\":\"EntryPoint\",\"urlTemplate\":\"https:\/\/oceanusinternational.com\/nl\/?s={search_term_string}\"},\"query-input\":\"required name=search_term_string\"}],\"inLanguage\":\"pt-PT\"},{\"@type\":\"Organization\",\"@id\":\"https:\/\/oceanusinternational.com\/nl\/#organization\",\"name\":\"Oceanus International - Sargassum Management Systems, Coastal Erosion, Beach Nourishment\",\"url\":\"https:\/\/oceanusinternational.com\/nl\/\",\"logo\":{\"@type\":\"ImageObject\",\"inLanguage\":\"pt-PT\",\"@id\":\"https:\/\/oceanusinternational.com\/nl\/#\/schema\/logo\/image\/\",\"url\":\"https:\/\/oceanusinternational.com\/flexibledredging\/wp-content\/uploads\/2022\/04\/logo-oceanus-r-dark.png\",\"contentUrl\":\"https:\/\/oceanusinternational.com\/flexibledredging\/wp-content\/uploads\/2022\/04\/logo-oceanus-r-dark.png\",\"width\":600,\"height\":104,\"caption\":\"Oceanus International - Sargassum Management Systems, Coastal Erosion, Beach Nourishment\"},\"image\":{\"@id\":\"https:\/\/oceanusinternational.com\/nl\/#\/schema\/logo\/image\/\"},\"sameAs\":[\"https:\/\/www.facebook.com\/Oceanus-International-265731524322338\/\",\"https:\/\/www.instagram.com\/oceanusinternationalweb\/\",\"https:\/\/www.youtube.com\/channel\/UC05AGrv-9SLP6nAfjY9Y3LQ\"]}]}<\/script>\n<!-- \/ Yoast SEO plugin. -->","yoast_head_json":{"title":"Coastal Erosion & Engineering, Beach Nourishment & Recovery - Contato","description":"Science and Technology for a World In Constant Evolution \/ Ciencia y Tecnolog\u00eda para un Mundo en Constante Evoluci\u00f3n.Our mission is based on the Restoration of Large Marine Ecosystems, to support the UN Goals for 2025 and 2050.","robots":{"index":"index","follow":"follow","max-snippet":"max-snippet:-1","max-image-preview":"max-image-preview:large","max-video-preview":"max-video-preview:-1"},"canonical":"https:\/\/oceanusinternational.com\/pt-pt\/contato\/","og_locale":"pt_PT","og_type":"article","og_title":"Coastal Erosion & Engineering, Beach Nourishment & Recovery - Contato","og_description":"Science and Technology for a World In Constant Evolution \/ Ciencia y Tecnolog\u00eda para un Mundo en Constante Evoluci\u00f3n.Our mission is based on the Restoration of Large Marine Ecosystems, to support the UN Goals for 2025 and 2050.","og_url":"https:\/\/oceanusinternational.com\/pt-pt\/contato\/","og_site_name":"Coastal Erosion &amp; Engineering, Beach Nourishment &amp; Recovery","article_publisher":"https:\/\/www.facebook.com\/Oceanus-International-265731524322338\/","article_modified_time":"2025-10-13T14:49:20+00:00","twitter_card":"summary_large_image","twitter_misc":{"Tempo estimado de leitura":"2 minutos"},"schema":{"@context":"https:\/\/schema.org","@graph":[{"@type":"WebPage","@id":"https:\/\/oceanusinternational.com\/pt-pt\/contato\/","url":"https:\/\/oceanusinternational.com\/pt-pt\/contato\/","name":"Coastal Erosion & Engineering, Beach Nourishment & Recovery - Contato","isPartOf":{"@id":"https:\/\/oceanusinternational.com\/nl\/#website"},"datePublished":"2022-05-06T16:53:41+00:00","dateModified":"2025-10-13T14:49:20+00:00","description":"Science and Technology for a World In Constant Evolution \/ Ciencia y Tecnolog\u00eda para un Mundo en Constante Evoluci\u00f3n.Our mission is based on the Restoration of Large Marine Ecosystems, to support the UN Goals for 2025 and 2050.","breadcrumb":{"@id":"https:\/\/oceanusinternational.com\/pt-pt\/contato\/#breadcrumb"},"inLanguage":"pt-PT","potentialAction":[{"@type":"ReadAction","target":["https:\/\/oceanusinternational.com\/pt-pt\/contato\/"]}]},{"@type":"BreadcrumbList","@id":"https:\/\/oceanusinternational.com\/pt-pt\/contato\/#breadcrumb","itemListElement":[{"@type":"ListItem","position":1,"name":"Home","item":"https:\/\/oceanusinternational.com\/pt-pt\/"},{"@type":"ListItem","position":2,"name":"Contato"}]},{"@type":"WebSite","@id":"https:\/\/oceanusinternational.com\/nl\/#website","url":"https:\/\/oceanusinternational.com\/nl\/","name":"Coastal Erosion &amp; Engineering, Beach Nourishment &amp; Recovery","description":"Science and Technology for a World In Constant Evolution","publisher":{"@id":"https:\/\/oceanusinternational.com\/nl\/#organization"},"potentialAction":[{"@type":"SearchAction","target":{"@type":"EntryPoint","urlTemplate":"https:\/\/oceanusinternational.com\/nl\/?s={search_term_string}"},"query-input":"required name=search_term_string"}],"inLanguage":"pt-PT"},{"@type":"Organization","@id":"https:\/\/oceanusinternational.com\/nl\/#organization","name":"Oceanus International - Sargassum Management Systems, Coastal Erosion, Beach Nourishment","url":"https:\/\/oceanusinternational.com\/nl\/","logo":{"@type":"ImageObject","inLanguage":"pt-PT","@id":"https:\/\/oceanusinternational.com\/nl\/#\/schema\/logo\/image\/","url":"https:\/\/oceanusinternational.com\/flexibledredging\/wp-content\/uploads\/2022\/04\/logo-oceanus-r-dark.png","contentUrl":"https:\/\/oceanusinternational.com\/flexibledredging\/wp-content\/uploads\/2022\/04\/logo-oceanus-r-dark.png","width":600,"height":104,"caption":"Oceanus International - Sargassum Management Systems, Coastal Erosion, Beach Nourishment"},"image":{"@id":"https:\/\/oceanusinternational.com\/nl\/#\/schema\/logo\/image\/"},"sameAs":["https:\/\/www.facebook.com\/Oceanus-International-265731524322338\/","https:\/\/www.instagram.com\/oceanusinternationalweb\/","https:\/\/www.youtube.com\/channel\/UC05AGrv-9SLP6nAfjY9Y3LQ"]}]}},"jetpack_sharing_enabled":true,"_links":{"self":[{"href":"https:\/\/oceanusinternational.com\/pt-pt\/wp-json\/wp\/v2\/pages\/1806","targetHints":{"allow":["GET"]}}],"collection":[{"href":"https:\/\/oceanusinternational.com\/pt-pt\/wp-json\/wp\/v2\/pages"}],"about":[{"href":"https:\/\/oceanusinternational.com\/pt-pt\/wp-json\/wp\/v2\/types\/page"}],"author":[{"embeddable":true,"href":"https:\/\/oceanusinternational.com\/pt-pt\/wp-json\/wp\/v2\/users\/1"}],"replies":[{"embeddable":true,"href":"https:\/\/oceanusinternational.com\/pt-pt\/wp-json\/wp\/v2\/comments?post=1806"}],"version-history":[{"count":5,"href":"https:\/\/oceanusinternational.com\/pt-pt\/wp-json\/wp\/v2\/pages\/1806\/revisions"}],"predecessor-version":[{"id":3132,"href":"https:\/\/oceanusinternational.com\/pt-pt\/wp-json\/wp\/v2\/pages\/1806\/revisions\/3132"}],"wp:attachment":[{"href":"https:\/\/oceanusinternational.com\/pt-pt\/wp-json\/wp\/v2\/media?parent=1806"}],"curies":[{"name":"wp","href":"https:\/\/api.w.org\/{rel}","templated":true}]}}